{"id":16,"date":"2018-01-27T16:29:06","date_gmt":"2018-01-27T16:29:06","guid":{"rendered":"http:\/\/hermanotomotiv.com\/en\/?page_id=16"},"modified":"2018-02-16T09:28:17","modified_gmt":"2018-02-16T09:28:17","slug":"products","status":"publish","type":"page","link":"http:\/\/hermanotomotiv.com\/en\/products\/","title":{"rendered":"PRODUCTS"},"content":{"rendered":"<div class=\"wpb-content-wrapper\"><p>[vc_row][vc_column width=&#8221;1\/4&#8243;][vc_text_separator title=&#8221;Gearsboxes&#8221;][vc_column_text]<\/p>\n<p style=\"text-align: left;\"><strong>Some of the products:<\/strong><br \/>\nECOL\u0130TE<br \/>\nNEW ECOL\u0130TE<br \/>\nECOMID<br \/>\nNEW ECOM\u0130D<br \/>\nECOSPLIT I<br \/>\nECOSPLIT II<br \/>\nECOSPLIT III<\/p>\n<p style=\"text-align: right;\"><a href=\"http:\/\/hermanotomotiv.com\/en\/products\/gears\/\">All Products<\/a><\/p>\n<p>[\/vc_column_text][\/vc_column][vc_column width=&#8221;3\/4&#8243;][vc_single_image image=&#8221;159&#8243; img_size=&#8221;850*260&#8243; style=&#8221;vc_box_rounded&#8221; onclick=&#8221;custom_link&#8221; css_animation=&#8221;left-to-right&#8221; link=&#8221;http:\/\/hermanotomotiv.com\/en\/products\/gears\/&#8221;][\/vc_column][\/vc_row][vc_row][vc_column width=&#8221;2\/3&#8243;][vc_single_image image=&#8221;160&#8243; img_size=&#8221;850*260&#8243; alignment=&#8221;right&#8221; style=&#8221;vc_box_rounded&#8221; onclick=&#8221;custom_link&#8221; css_animation=&#8221;right-to-left&#8221; link=&#8221;http:\/\/hermanotomotiv.com\/en\/products\/differential\/&#8221;][\/vc_column][vc_column width=&#8221;1\/3&#8243;][vc_text_separator title=&#8221;Differential&#8221;][vc_column_text]Some of the products :<\/p>\n<p>Coming soon.[\/vc_column_text][\/vc_column][\/vc_row][vc_row][vc_column width=&#8221;1\/4&#8243;][vc_text_separator title=&#8221;Clutches&#8221;][vc_column_text]Some of the products :<br \/>\n3482 083 113<br \/>\n3488 023 031<br \/>\n1878 002 024<br \/>\n3483 000 258<br \/>\n3400 700 509<br \/>\n3482 000 463<\/p>\n<p style=\"text-align: right;\"><a href=\"http:\/\/hermanotomotiv.com\/en\/products\/print-balata\/\">All Products<\/a><\/p>\n<p>[\/vc_column_text][\/vc_column][vc_column width=&#8221;3\/4&#8243;][vc_single_image image=&#8221;161&#8243; img_size=&#8221;850*260&#8243; style=&#8221;vc_box_rounded&#8221; onclick=&#8221;custom_link&#8221; css_animation=&#8221;left-to-right&#8221; link=&#8221;http:\/\/hermanotomotiv.com\/en\/products\/print-balata\/&#8221;][\/vc_column][\/vc_row][vc_row][vc_column width=&#8221;2\/3&#8243;][vc_single_image image=&#8221;162&#8243; img_size=&#8221;850*260&#8243; alignment=&#8221;right&#8221; style=&#8221;vc_box_rounded&#8221; onclick=&#8221;custom_link&#8221; css_animation=&#8221;right-to-left&#8221; link=&#8221;http:\/\/hermanotomotiv.com\/en\/products\/steering-pump\/&#8221;][\/vc_column][vc_column width=&#8221;1\/3&#8243;][vc_text_separator title=&#8221;Steering Pump&#8221;][vc_column_text]Some of the products :<br \/>\n7685 955 324<br \/>\n7686 955 128<br \/>\n(7686 955 122)<br \/>\n7685 955 164<br \/>\n7686 955 197<br \/>\n(7686 955 142)<br \/>\n7684 955 198<\/p>\n<p style=\"text-align: right;\"><a href=\"http:\/\/hermanotomotiv.com\/en\/products\/steering-pump\/\">All Products<\/a><\/p>\n<p>[\/vc_column_text][\/vc_column][\/vc_row]<\/p>\n<\/div>","protected":false},"excerpt":{"rendered":"<p>[vc_row][vc_column width=&#8221;1\/4&#8243;][vc_text_separator title=&#8221;Gearsboxes&#8221;][vc_column_text] Some of the products: ECOL\u0130TE NEW ECOL\u0130TE ECOMID NEW ECOM\u0130D ECOSPLIT I ECOSPLIT II ECOSPLIT III All Products [\/vc_column_text][\/vc_column][vc_column width=&#8221;3\/4&#8243;][vc_single_image image=&#8221;159&#8243; img_size=&#8221;850*260&#8243; style=&#8221;vc_box_rounded&#8221; onclick=&#8221;custom_link&#8221; css_animation=&#8221;left-to-right&#8221; link=&#8221;http:\/\/hermanotomotiv.com\/en\/products\/gears\/&#8221;][\/vc_column][\/vc_row][vc_row][vc_column width=&#8221;2\/3&#8243;][vc_single_image image=&#8221;160&#8243; img_size=&#8221;850*260&#8243; alignment=&#8221;right&#8221; style=&#8221;vc_box_rounded&#8221; onclick=&#8221;custom_link&#8221; [&hellip;]<\/p>\n<a href=\"http:\/\/hermanotomotiv.com\/en\/products\/\" class=\"entry-more pro-btn pro-btn-rounded pro-btn-xxs pro-btn-flat-accent\">Read More<span class=\"screen-reader-text\"> about PRODUCTS<\/span><\/a>","protected":false},"author":1,"featured_media":0,"parent":0,"menu_order":0,"comment_status":"closed","ping_status":"closed","template":"","meta":{"footnotes":""},"class_list":["post-16","page","type-page","status-publish","hentry"],"_links":{"self":[{"href":"http:\/\/hermanotomotiv.com\/en\/wp-json\/wp\/v2\/pages\/16","targetHints":{"allow":["GET"]}}],"collection":[{"href":"http:\/\/hermanotomotiv.com\/en\/wp-json\/wp\/v2\/pages"}],"about":[{"href":"http:\/\/hermanotomotiv.com\/en\/wp-json\/wp\/v2\/types\/page"}],"author":[{"embeddable":true,"href":"http:\/\/hermanotomotiv.com\/en\/wp-json\/wp\/v2\/users\/1"}],"replies":[{"embeddable":true,"href":"http:\/\/hermanotomotiv.com\/en\/wp-json\/wp\/v2\/comments?post=16"}],"version-history":[{"count":7,"href":"http:\/\/hermanotomotiv.com\/en\/wp-json\/wp\/v2\/pages\/16\/revisions"}],"predecessor-version":[{"id":402,"href":"http:\/\/hermanotomotiv.com\/en\/wp-json\/wp\/v2\/pages\/16\/revisions\/402"}],"wp:attachment":[{"href":"http:\/\/hermanotomotiv.com\/en\/wp-json\/wp\/v2\/media?parent=16"}],"curies":[{"name":"wp","href":"https:\/\/api.w.org\/{rel}","templated":true}]}}