{"id":7,"date":"2018-01-27T16:02:59","date_gmt":"2018-01-27T16:02:59","guid":{"rendered":"http:\/\/hermanotomotiv.com\/en\/?page_id=7"},"modified":"2018-02-15T16:37:48","modified_gmt":"2018-02-15T16:37:48","slug":"about-us","status":"publish","type":"page","link":"http:\/\/hermanotomotiv.com\/en\/herman\/about-us\/","title":{"rendered":"About Us"},"content":{"rendered":"<div class=\"wpb-content-wrapper\"><p>[vc_row][vc_column width=&#8221;2\/3&#8243;][vc_column_text]<\/p>\n<p style=\"text-align: center;\"><span style=\"color: #000000;\"><strong>HERMAN Otomotiv Sanayi ve Ticaret Ltd. company is one of BOZBAYLAR Group companies.<\/strong><\/span><\/p>\n<p>[\/vc_column_text][vc_empty_space][vc_column_text]<span style=\"color: #000000;\"><img loading=\"lazy\" decoding=\"async\" class=\"alignnone size-full wp-image-132\" src=\"http:\/\/hermanotomotiv.com\/en\/wp-content\/uploads\/2018\/01\/ikonsmall.png\" alt=\"\" width=\"35\" height=\"37\" \/> It was founded in the year of 1984 at Ankara Large Industrial Zone (Ankara B\u00fcy\u00fck Sanayi), and right after the establishment of Y\u0131ld\u0131z Industrial Zone (Y\u0131ld\u0131z Sanayi Sitesi) which is situated in OSTIM Industrial Region, it was moved to its own buildings located in Y\u0131ld\u0131z Industrial Zone.<\/span>[\/vc_column_text][vc_empty_space][vc_column_text]<span style=\"color: #000000;\"><img loading=\"lazy\" decoding=\"async\" class=\"alignnone size-full wp-image-132\" src=\"http:\/\/hermanotomotiv.com\/en\/wp-content\/uploads\/2018\/01\/ikonsmall.png\" alt=\"\" width=\"35\" height=\"37\" \/> HERMAN Otomotiv continues to develop its reputable and prestigious activities at Y\u0131ld\u0131z Industrial Zone much more than it was in Ankara Large Industry, and has earned the respect and reputation, which it deserves not only in Ankara city, but also in the whole country.<\/span>[\/vc_column_text][vc_empty_space][vc_column_text]<span style=\"color: #000000;\"><img loading=\"lazy\" decoding=\"async\" class=\"alignnone size-full wp-image-132\" src=\"http:\/\/hermanotomotiv.com\/en\/wp-content\/uploads\/2018\/01\/ikonsmall.png\" alt=\"\" width=\"35\" height=\"37\" \/> Along with the well-known German brand ZF, by keeping gearbox and differential products of the Italian brands such as Euroricambi, Antonia Masiero and TEMAC for trucks and bus vehicles in the large vehicles sector, it meets the demands of the customers at the highest level. It also provides repair services to customers as well as wholesale and retail sales of these products.<\/span>[\/vc_column_text][\/vc_column][vc_column width=&#8221;1\/3&#8243;][vc_single_image image=&#8221;127&#8243; img_size=&#8221;300*200&#8243; style=&#8221;vc_box_rounded&#8221; css_animation=&#8221;right-to-left&#8221;][vc_separator][vc_single_image image=&#8221;12&#8243; img_size=&#8221;97*100&#8243; alignment=&#8221;center&#8221; css_animation=&#8221;top-to-bottom&#8221;][vc_separator][\/vc_column][\/vc_row][vc_row][vc_column width=&#8221;1\/3&#8243;][vc_single_image image=&#8221;135&#8243; img_size=&#8221;250*200&#8243; style=&#8221;vc_box_border&#8221; css_animation=&#8221;right-to-left&#8221;][\/vc_column][vc_column width=&#8221;1\/3&#8243;][vc_single_image image=&#8221;136&#8243; img_size=&#8221;250*200&#8243; style=&#8221;vc_box_border&#8221; css_animation=&#8221;right-to-left&#8221;][\/vc_column][vc_column width=&#8221;1\/3&#8243;][vc_single_image image=&#8221;139&#8243; img_size=&#8221;250*200&#8243; style=&#8221;vc_box_border&#8221; css_animation=&#8221;right-to-left&#8221;][\/vc_column][\/vc_row][vc_row][vc_column][vc_custom_heading text=&#8221;Some place from our place.&#8221; font_container=&#8221;tag:h2|text_align:left&#8221; google_fonts=&#8221;font_family:Abril%20Fatface%3Aregular|font_style:400%20regular%3A400%3Anormal&#8221;][\/vc_column][\/vc_row][vc_row][vc_column width=&#8221;1\/6&#8243;][vc_single_image image=&#8221;375&#8243; img_size=&#8221;150*100&#8243; style=&#8221;vc_box_border&#8221; onclick=&#8221;img_link_large&#8221; css_animation=&#8221;left-to-right&#8221;][\/vc_column][vc_column width=&#8221;1\/6&#8243;][vc_single_image image=&#8221;364&#8243; img_size=&#8221;150*100&#8243; style=&#8221;vc_box_border&#8221; onclick=&#8221;img_link_large&#8221; css_animation=&#8221;left-to-right&#8221;][\/vc_column][vc_column width=&#8221;1\/6&#8243;][vc_single_image image=&#8221;370&#8243; img_size=&#8221;150*100&#8243; style=&#8221;vc_box_border&#8221; onclick=&#8221;img_link_large&#8221; css_animation=&#8221;left-to-right&#8221;][\/vc_column][vc_column width=&#8221;1\/6&#8243;][vc_single_image image=&#8221;369&#8243; img_size=&#8221;150*100&#8243; style=&#8221;vc_box_border&#8221; onclick=&#8221;img_link_large&#8221; css_animation=&#8221;left-to-right&#8221;][\/vc_column][vc_column width=&#8221;1\/6&#8243;][vc_single_image image=&#8221;365&#8243; img_size=&#8221;150*100&#8243; style=&#8221;vc_box_border&#8221; onclick=&#8221;img_link_large&#8221; css_animation=&#8221;left-to-right&#8221;][\/vc_column][vc_column width=&#8221;1\/6&#8243;][vc_single_image image=&#8221;373&#8243; img_size=&#8221;150*100&#8243; style=&#8221;vc_box_border&#8221; onclick=&#8221;img_link_large&#8221; css_animation=&#8221;left-to-right&#8221;][\/vc_column][\/vc_row]<\/p>\n<\/div>","protected":false},"excerpt":{"rendered":"<p>[vc_row][vc_column width=&#8221;2\/3&#8243;][vc_column_text] HERMAN Otomotiv Sanayi ve Ticaret Ltd. company is one of BOZBAYLAR Group companies. [\/vc_column_text][vc_empty_space][vc_column_text] It was founded in the year of 1984 at Ankara Large Industrial Zone (Ankara B\u00fcy\u00fck Sanayi), and right after [&hellip;]<\/p>\n<a href=\"http:\/\/hermanotomotiv.com\/en\/herman\/about-us\/\" class=\"entry-more pro-btn pro-btn-rounded pro-btn-xxs pro-btn-flat-accent\">Read More<span class=\"screen-reader-text\"> about About Us<\/span><\/a>","protected":false},"author":1,"featured_media":0,"parent":2,"menu_order":0,"comment_status":"closed","ping_status":"closed","template":"","meta":{"footnotes":""},"class_list":["post-7","page","type-page","status-publish","hentry"],"_links":{"self":[{"href":"http:\/\/hermanotomotiv.com\/en\/wp-json\/wp\/v2\/pages\/7","targetHints":{"allow":["GET"]}}],"collection":[{"href":"http:\/\/hermanotomotiv.com\/en\/wp-json\/wp\/v2\/pages"}],"about":[{"href":"http:\/\/hermanotomotiv.com\/en\/wp-json\/wp\/v2\/types\/page"}],"author":[{"embeddable":true,"href":"http:\/\/hermanotomotiv.com\/en\/wp-json\/wp\/v2\/users\/1"}],"replies":[{"embeddable":true,"href":"http:\/\/hermanotomotiv.com\/en\/wp-json\/wp\/v2\/comments?post=7"}],"version-history":[{"count":8,"href":"http:\/\/hermanotomotiv.com\/en\/wp-json\/wp\/v2\/pages\/7\/revisions"}],"predecessor-version":[{"id":377,"href":"http:\/\/hermanotomotiv.com\/en\/wp-json\/wp\/v2\/pages\/7\/revisions\/377"}],"up":[{"embeddable":true,"href":"http:\/\/hermanotomotiv.com\/en\/wp-json\/wp\/v2\/pages\/2"}],"wp:attachment":[{"href":"http:\/\/hermanotomotiv.com\/en\/wp-json\/wp\/v2\/media?parent=7"}],"curies":[{"name":"wp","href":"https:\/\/api.w.org\/{rel}","templated":true}]}}