{"id":31,"date":"2018-02-14T16:52:45","date_gmt":"2018-02-14T16:52:45","guid":{"rendered":"http:\/\/hermanotomotiv.com\/ru\/?page_id=31"},"modified":"2018-02-16T09:41:42","modified_gmt":"2018-02-16T09:41:42","slug":"%d0%bf%d1%80%d0%be%d0%b4%d1%83%d0%ba%d1%82%d1%8b","status":"publish","type":"page","link":"http:\/\/hermanotomotiv.com\/ru\/%d0%bf%d1%80%d0%be%d0%b4%d1%83%d0%ba%d1%82%d1%8b\/","title":{"rendered":"\u043f\u0440\u043e\u0434\u0443\u043a\u0442\u044b"},"content":{"rendered":"<div class=\"wpb-content-wrapper\"><p>[vc_row][vc_column width=&#8221;1\/4&#8243;][vc_text_separator title=&#8221;\u041a\u043e\u0440\u043e\u0431\u043a\u0438 \u043f\u0435\u0440\u0435\u0434\u0430\u0447&#8221;][vc_column_text]<\/p>\n<p style=\"text-align: left;\"><strong>\u041d\u0435\u043a\u043e\u0442\u043e\u0440\u044b\u0435 \u0438\u0437 \u043f\u0440\u043e\u0434\u0443\u043a\u0442\u043e\u0432:<\/strong><br \/>\nECOL\u0130TE<br \/>\nNEW ECOL\u0130TE<br \/>\nECOMID<br \/>\nNEW ECOM\u0130D<br \/>\nECOSPLIT I<br \/>\nECOSPLIT II<br \/>\nECOSPLIT III<\/p>\n<p style=\"text-align: right;\"><a href=\"http:\/\/hermanotomotiv.com\/ru\/%d0%bf%d1%80%d0%be%d0%b4%d1%83%d0%ba%d1%82%d1%8b\/%d0%ba%d0%be%d1%80%d0%be%d0%b1%d0%ba%d0%b8-%d0%bf%d0%b5%d1%80%d0%b5%d0%b4%d0%b0%d1%87\/\">\u0412\u0441\u0435 \u043f\u0440\u043e\u0434\u0443\u043a\u0442\u044b<\/a><\/p>\n<p>[\/vc_column_text][\/vc_column][vc_column width=&#8221;3\/4&#8243;][vc_single_image image=&#8221;170&#8243; img_size=&#8221;850*260&#8243; style=&#8221;vc_box_rounded&#8221; onclick=&#8221;custom_link&#8221; css_animation=&#8221;left-to-right&#8221; link=&#8221;http:\/\/hermanotomotiv.com\/en\/products\/gears\/&#8221;][\/vc_column][\/vc_row][vc_row][vc_column width=&#8221;2\/3&#8243;][vc_single_image image=&#8221;171&#8243; img_size=&#8221;850*260&#8243; alignment=&#8221;right&#8221; style=&#8221;vc_box_rounded&#8221; onclick=&#8221;custom_link&#8221; css_animation=&#8221;right-to-left&#8221; link=&#8221;http:\/\/hermanotomotiv.com\/en\/products\/differential\/&#8221;][\/vc_column][vc_column width=&#8221;1\/3&#8243;][vc_text_separator title=&#8221;\u0434\u0438\u0444\u0444\u0435\u0440\u0435\u043d\u0446\u0438\u0440\u043e\u0432\u0430\u043d\u043d\u044b\u0439&#8221;][vc_column_text]\u041d\u0435\u043a\u043e\u0442\u043e\u0440\u044b\u0435 \u0438\u0437 \u043f\u0440\u043e\u0434\u0443\u043a\u0442\u043e\u0432 :<\/p>\n<p>\u0421\u043a\u043e\u0440\u043e&#8230;[\/vc_column_text][\/vc_column][\/vc_row][vc_row][vc_column width=&#8221;1\/4&#8243;][vc_text_separator title=&#8221;\u043a\u043b\u0430\u0442\u0447\u0438&#8221;][vc_column_text]\u041d\u0435\u043a\u043e\u0442\u043e\u0440\u044b\u0435 \u0438\u0437 \u043f\u0440\u043e\u0434\u0443\u043a\u0442\u043e\u0432 :<br \/>\n3482 083 113<br \/>\n3488 023 031<br \/>\n1878 002 024<br \/>\n3483 000 258<br \/>\n3400 700 509<br \/>\n3482 000 463<\/p>\n<p style=\"text-align: right;\"><a href=\"http:\/\/hermanotomotiv.com\/ru\/\u043f\u0440\u043e\u0434\u0443\u043a\u0442\u044b\/\u043a\u043b\u0430\u0442\u0447\u0438\/\">\u0412\u0441\u0435 \u043f\u0440\u043e\u0434\u0443\u043a\u0442\u044b<\/a><\/p>\n<p>[\/vc_column_text][\/vc_column][vc_column width=&#8221;3\/4&#8243;][vc_single_image image=&#8221;172&#8243; img_size=&#8221;850*260&#8243; style=&#8221;vc_box_rounded&#8221; onclick=&#8221;custom_link&#8221; css_animation=&#8221;left-to-right&#8221; link=&#8221;http:\/\/hermanotomotiv.com\/en\/products\/print-balata\/&#8221;][\/vc_column][\/vc_row][vc_row][vc_column width=&#8221;2\/3&#8243;][vc_single_image image=&#8221;173&#8243; img_size=&#8221;850*260&#8243; alignment=&#8221;right&#8221; style=&#8221;vc_box_rounded&#8221; onclick=&#8221;custom_link&#8221; css_animation=&#8221;right-to-left&#8221; link=&#8221;http:\/\/hermanotomotiv.com\/en\/products\/steering-pump\/&#8221;][\/vc_column][vc_column width=&#8221;1\/3&#8243;][vc_text_separator title=&#8221;\u043d\u0430\u0441\u043e\u0441 \u0433\u0438\u0434\u0440\u043e\u0443\u0441\u0438\u043b\u0438\u0442\u0435\u043b\u044f&#8221;][vc_column_text]\u041d\u0435\u043a\u043e\u0442\u043e\u0440\u044b\u0435 \u0438\u0437 \u043f\u0440\u043e\u0434\u0443\u043a\u0442\u043e\u0432 :<br \/>\n7685 955 324<br \/>\n7686 955 128<br \/>\n(7686 955 122)<br \/>\n7685 955 164<br \/>\n7686 955 197<br \/>\n(7686 955 142)<br \/>\n7684 955 198<\/p>\n<p style=\"text-align: right;\"><a href=\"http:\/\/hermanotomotiv.com\/ru\/%d0%bf%d1%80%d0%be%d0%b4%d1%83%d0%ba%d1%82%d1%8b\/%d0%bd%d0%b0%d1%81%d0%be%d1%81-%d0%b3%d0%b8%d0%b4%d1%80%d0%be%d1%83%d1%81%d0%b8%d0%bb%d0%b8%d1%82%d0%b5%d0%bb%d1%8f\/\">\u0412\u0441\u0435 \u043f\u0440\u043e\u0434\u0443\u043a\u0442\u044b<\/a><\/p>\n<p>[\/vc_column_text][\/vc_column][\/vc_row]<\/p>\n<\/div>","protected":false},"excerpt":{"rendered":"<p>[vc_row][vc_column width=&#8221;1\/4&#8243;][vc_text_separator title=&#8221;\u041a\u043e\u0440\u043e\u0431\u043a\u0438 \u043f\u0435\u0440\u0435\u0434\u0430\u0447&#8221;][vc_column_text] \u041d\u0435\u043a\u043e\u0442\u043e\u0440\u044b\u0435 \u0438\u0437 \u043f\u0440\u043e\u0434\u0443\u043a\u0442\u043e\u0432: ECOL\u0130TE NEW ECOL\u0130TE ECOMID NEW ECOM\u0130D ECOSPLIT I ECOSPLIT II ECOSPLIT III \u0412\u0441\u0435 \u043f\u0440\u043e\u0434\u0443\u043a\u0442\u044b [\/vc_column_text][\/vc_column][vc_column width=&#8221;3\/4&#8243;][vc_single_image image=&#8221;170&#8243; img_size=&#8221;850*260&#8243; style=&#8221;vc_box_rounded&#8221; onclick=&#8221;custom_link&#8221; css_animation=&#8221;left-to-right&#8221; link=&#8221;http:\/\/hermanotomotiv.com\/en\/products\/gears\/&#8221;][\/vc_column][\/vc_row][vc_row][vc_column width=&#8221;2\/3&#8243;][vc_single_image image=&#8221;171&#8243; img_size=&#8221;850*260&#8243; alignment=&#8221;right&#8221; style=&#8221;vc_box_rounded&#8221; onclick=&#8221;custom_link&#8221; [&hellip;]<\/p>\n<a href=\"http:\/\/hermanotomotiv.com\/ru\/%d0%bf%d1%80%d0%be%d0%b4%d1%83%d0%ba%d1%82%d1%8b\/\" class=\"entry-more pro-btn pro-btn-rounded pro-btn-xxs pro-btn-flat-accent\">\u043f\u0440\u043e\u0447\u0438\u0442\u0430\u0439\u0442\u0435 \u0431\u043e\u043b\u044c\u0448\u0435<span class=\"screen-reader-text\"> about \u043f\u0440\u043e\u0434\u0443\u043a\u0442\u044b<\/span><\/a>","protected":false},"author":1,"featured_media":0,"parent":0,"menu_order":0,"comment_status":"closed","ping_status":"closed","template":"","meta":{"footnotes":""},"class_list":["post-31","page","type-page","status-publish","hentry"],"_links":{"self":[{"href":"http:\/\/hermanotomotiv.com\/ru\/wp-json\/wp\/v2\/pages\/31","targetHints":{"allow":["GET"]}}],"collection":[{"href":"http:\/\/hermanotomotiv.com\/ru\/wp-json\/wp\/v2\/pages"}],"about":[{"href":"http:\/\/hermanotomotiv.com\/ru\/wp-json\/wp\/v2\/types\/page"}],"author":[{"embeddable":true,"href":"http:\/\/hermanotomotiv.com\/ru\/wp-json\/wp\/v2\/users\/1"}],"replies":[{"embeddable":true,"href":"http:\/\/hermanotomotiv.com\/ru\/wp-json\/wp\/v2\/comments?post=31"}],"version-history":[{"count":4,"href":"http:\/\/hermanotomotiv.com\/ru\/wp-json\/wp\/v2\/pages\/31\/revisions"}],"predecessor-version":[{"id":174,"href":"http:\/\/hermanotomotiv.com\/ru\/wp-json\/wp\/v2\/pages\/31\/revisions\/174"}],"wp:attachment":[{"href":"http:\/\/hermanotomotiv.com\/ru\/wp-json\/wp\/v2\/media?parent=31"}],"curies":[{"name":"wp","href":"https:\/\/api.w.org\/{rel}","templated":true}]}}