{"id":13,"date":"2018-02-03T21:49:33","date_gmt":"2018-02-03T21:49:33","guid":{"rendered":"http:\/\/hermanotomotiv.com\/al\/?page_id=13"},"modified":"2018-02-04T16:03:30","modified_gmt":"2018-02-04T16:03:30","slug":"produkte","status":"publish","type":"page","link":"https:\/\/hermanotomotiv.com\/al\/produkte\/","title":{"rendered":"PRODUKTE"},"content":{"rendered":"<div class=\"wpb-content-wrapper\"><p>[vc_row][vc_column width=&#8221;1\/4&#8243;][vc_text_separator title=&#8221;Getriebe&#8221;][vc_column_text]<\/p>\n<p style=\"text-align: left;\"><strong>Einige der Produkte :<\/strong><br \/>\nECOL\u0130TE<br \/>\nNEW ECOL\u0130TE<br \/>\nECOMID<br \/>\nNEW ECOM\u0130D<br \/>\nECOSPLIT I<br \/>\nECOSPLIT II<br \/>\nECOSPLIT III<\/p>\n<p style=\"text-align: right;\"><a href=\"http:\/\/hermanotomotiv.com\/al\/produkte\/getriebe\/\">All Products<\/a><\/p>\n<p>[\/vc_column_text][\/vc_column][vc_column width=&#8221;3\/4&#8243;][vc_single_image image=&#8221;156&#8243; img_size=&#8221;850*260&#8243; style=&#8221;vc_box_rounded&#8221; onclick=&#8221;custom_link&#8221; css_animation=&#8221;left-to-right&#8221; link=&#8221;http:\/\/hermanotomotiv.com\/en\/products\/gears\/&#8221;][\/vc_column][\/vc_row][vc_row][vc_column width=&#8221;2\/3&#8243;][vc_single_image image=&#8221;157&#8243; img_size=&#8221;850*260&#8243; alignment=&#8221;right&#8221; style=&#8221;vc_box_rounded&#8221; onclick=&#8221;custom_link&#8221; css_animation=&#8221;right-to-left&#8221; link=&#8221;http:\/\/hermanotomotiv.com\/en\/products\/differential\/&#8221;][\/vc_column][vc_column width=&#8221;1\/3&#8243;][vc_text_separator title=&#8221;Differential&#8221;][vc_column_text]<strong>Einige der Produkte<\/strong>:<\/p>\n<p>demn\u00e4chst&#8230;[\/vc_column_text][\/vc_column][\/vc_row][vc_row][vc_column width=&#8221;1\/4&#8243;][vc_text_separator title=&#8221;Drucken Balata&#8221;][vc_column_text]<strong>Einige der Produkte<\/strong> :<br \/>\n3482 083 113<br \/>\n3488 023 031<br \/>\n1878 002 024<br \/>\n3483 000 258<br \/>\n3400 700 509<br \/>\n3482 000 463<\/p>\n<p style=\"text-align: right;\"><a href=\"http:\/\/hermanotomotiv.com\/al\/produkte\/drucken-balata\/\">Alle Produkte<\/a><\/p>\n<p>[\/vc_column_text][\/vc_column][vc_column width=&#8221;3\/4&#8243;][vc_single_image image=&#8221;158&#8243; img_size=&#8221;850*260&#8243; style=&#8221;vc_box_rounded&#8221; onclick=&#8221;custom_link&#8221; css_animation=&#8221;left-to-right&#8221; link=&#8221;http:\/\/hermanotomotiv.com\/en\/products\/print-balata\/&#8221;][\/vc_column][\/vc_row][vc_row][vc_column width=&#8221;2\/3&#8243;][vc_single_image image=&#8221;159&#8243; img_size=&#8221;850*260&#8243; alignment=&#8221;right&#8221; style=&#8221;vc_box_rounded&#8221; onclick=&#8221;custom_link&#8221; css_animation=&#8221;right-to-left&#8221; link=&#8221;http:\/\/hermanotomotiv.com\/en\/products\/steering-pump\/&#8221;][\/vc_column][vc_column width=&#8221;1\/3&#8243;][vc_text_separator title=&#8221;Lenkpumpe.&#8221;][vc_column_text]<strong>Einige der Produkte<\/strong> :<br \/>\n7685 955 324<br \/>\n7686 955 128<br \/>\n(7686 955 122)<br \/>\n7685 955 164<br \/>\n7686 955 197<br \/>\n(7686 955 142)<br \/>\n7684 955 198<\/p>\n<p style=\"text-align: right;\"><a href=\"http:\/\/hermanotomotiv.com\/al\/produkte\/lenkpumpe\/\">Alle Produkte<\/a><\/p>\n<p>[\/vc_column_text][\/vc_column][\/vc_row]<\/p>\n<\/div>","protected":false},"excerpt":{"rendered":"<p>[vc_row][vc_column width=&#8221;1\/4&#8243;][vc_text_separator title=&#8221;Getriebe&#8221;][vc_column_text] Einige der Produkte : ECOL\u0130TE NEW ECOL\u0130TE ECOMID NEW ECOM\u0130D ECOSPLIT I ECOSPLIT II ECOSPLIT III All Products [\/vc_column_text][\/vc_column][vc_column width=&#8221;3\/4&#8243;][vc_single_image image=&#8221;156&#8243; img_size=&#8221;850*260&#8243; style=&#8221;vc_box_rounded&#8221; onclick=&#8221;custom_link&#8221; css_animation=&#8221;left-to-right&#8221; link=&#8221;http:\/\/hermanotomotiv.com\/en\/products\/gears\/&#8221;][\/vc_column][\/vc_row][vc_row][vc_column width=&#8221;2\/3&#8243;][vc_single_image image=&#8221;157&#8243; img_size=&#8221;850*260&#8243; alignment=&#8221;right&#8221; style=&#8221;vc_box_rounded&#8221; onclick=&#8221;custom_link&#8221; [&hellip;]<\/p>\n<a href=\"https:\/\/hermanotomotiv.com\/al\/produkte\/\" class=\"entry-more pro-btn pro-btn-rounded pro-btn-xxs pro-btn-flat-accent\">Weiterlese<span class=\"screen-reader-text\"> about PRODUKTE<\/span><\/a>","protected":false},"author":1,"featured_media":0,"parent":0,"menu_order":0,"comment_status":"closed","ping_status":"closed","template":"","meta":{"footnotes":""},"class_list":["post-13","page","type-page","status-publish","hentry"],"_links":{"self":[{"href":"https:\/\/hermanotomotiv.com\/al\/wp-json\/wp\/v2\/pages\/13","targetHints":{"allow":["GET"]}}],"collection":[{"href":"https:\/\/hermanotomotiv.com\/al\/wp-json\/wp\/v2\/pages"}],"about":[{"href":"https:\/\/hermanotomotiv.com\/al\/wp-json\/wp\/v2\/types\/page"}],"author":[{"embeddable":true,"href":"https:\/\/hermanotomotiv.com\/al\/wp-json\/wp\/v2\/users\/1"}],"replies":[{"embeddable":true,"href":"https:\/\/hermanotomotiv.com\/al\/wp-json\/wp\/v2\/comments?post=13"}],"version-history":[{"count":4,"href":"https:\/\/hermanotomotiv.com\/al\/wp-json\/wp\/v2\/pages\/13\/revisions"}],"predecessor-version":[{"id":161,"href":"https:\/\/hermanotomotiv.com\/al\/wp-json\/wp\/v2\/pages\/13\/revisions\/161"}],"wp:attachment":[{"href":"https:\/\/hermanotomotiv.com\/al\/wp-json\/wp\/v2\/media?parent=13"}],"curies":[{"name":"wp","href":"https:\/\/api.w.org\/{rel}","templated":true}]}}