{"id":15,"date":"2018-02-03T21:50:38","date_gmt":"2018-02-03T21:50:38","guid":{"rendered":"http:\/\/hermanotomotiv.com\/al\/?page_id=15"},"modified":"2018-02-11T16:58:47","modified_gmt":"2018-02-11T16:58:47","slug":"getriebe","status":"publish","type":"page","link":"https:\/\/hermanotomotiv.com\/al\/produkte\/getriebe\/","title":{"rendered":"Getriebe"},"content":{"rendered":"<div class=\"wpb-content-wrapper\"><p>[vc_row][vc_column width=&#8221;1\/4&#8243;][vc_single_image image=&#8221;104&#8243; img_size=&#8221;100*200&#8243; style=&#8221;vc_box_rounded&#8221; onclick=&#8221;zoom&#8221; css_animation=&#8221;left-to-right&#8221;][\/vc_column][vc_column width=&#8221;1\/4&#8243;][vc_single_image image=&#8221;105&#8243; img_size=&#8221;100*200&#8243; style=&#8221;vc_box_rounded&#8221; onclick=&#8221;zoom&#8221; css_animation=&#8221;left-to-right&#8221;][\/vc_column][vc_column width=&#8221;1\/4&#8243;][vc_single_image image=&#8221;106&#8243; img_size=&#8221;100*200&#8243; style=&#8221;vc_box_rounded&#8221; onclick=&#8221;zoom&#8221; css_animation=&#8221;left-to-right&#8221;][\/vc_column][vc_column width=&#8221;1\/4&#8243;][vc_single_image image=&#8221;107&#8243; img_size=&#8221;100*200&#8243; style=&#8221;vc_box_rounded&#8221; onclick=&#8221;zoom&#8221; css_animation=&#8221;left-to-right&#8221;][\/vc_column][\/vc_row][vc_row][vc_column][vc_column_text]<\/p>\n<p style=\"text-align: center;\">Wir k\u00f6nnen alle Weltfahrzeugzahnr\u00e4der und -werkzeuge finden. Wir wissen, welches Ger\u00e4t in der Welt beliebt ist.<\/p>\n<p>[\/vc_column_text][\/vc_column][\/vc_row][vc_row][vc_column width=&#8221;1\/4&#8243;][vc_separator][vc_single_image image=&#8221;222&#8243; img_size=&#8221;100*100&#8243; style=&#8221;vc_box_rounded&#8221; onclick=&#8221;custom_link&#8221; css_animation=&#8221;left-to-right&#8221; link=&#8221;http:\/\/hermanotomotiv.com\/al\/produkte\/getriebe\/zf-getriebe\/&#8221;][vc_separator][vc_btn title=&#8221;ZF &#8211; Getriebe&#8221; color=&#8221;primary&#8221; size=&#8221;sm&#8221; link=&#8221;url:http%3A%2F%2Fhermanotomotiv.com%2Fal%2Fprodukte%2Fgetriebe%2Fzf-getriebe%2F|||&#8221;][\/vc_column][vc_column width=&#8221;1\/4&#8243;][vc_separator][vc_single_image image=&#8221;223&#8243; img_size=&#8221;100*100&#8243; style=&#8221;vc_box_rounded&#8221; onclick=&#8221;custom_link&#8221; css_animation=&#8221;left-to-right&#8221; link=&#8221;http:\/\/hermanotomotiv.com\/al\/produkte\/getriebe\/mercedes-getriebe\/&#8221;][vc_separator][vc_btn title=&#8221;Mercedes-Getriebe&#8221; color=&#8221;primary&#8221; size=&#8221;sm&#8221; link=&#8221;url:http%3A%2F%2Fhermanotomotiv.com%2Fal%2Fprodukte%2Fgetriebe%2Fmercedes-getriebe%2F|||&#8221;][\/vc_column][vc_column width=&#8221;1\/4&#8243;][vc_separator][vc_single_image image=&#8221;224&#8243; img_size=&#8221;100*100&#8243; style=&#8221;vc_box_rounded&#8221; onclick=&#8221;custom_link&#8221; css_animation=&#8221;left-to-right&#8221; link=&#8221;http:\/\/hermanotomotiv.com\/al\/produkte\/getriebe\/scania-getriebe\/&#8221;][vc_separator][vc_btn title=&#8221;Scania-Getriebe&#8221; color=&#8221;primary&#8221; size=&#8221;sm&#8221; link=&#8221;url:http%3A%2F%2Fhermanotomotiv.com%2Fal%2Fprodukte%2Fgetriebe%2Fscania-getriebe%2F|||&#8221;][\/vc_column][vc_column width=&#8221;1\/4&#8243;][vc_separator][vc_single_image image=&#8221;225&#8243; img_size=&#8221;100*100&#8243; style=&#8221;vc_box_rounded&#8221; onclick=&#8221;custom_link&#8221; css_animation=&#8221;left-to-right&#8221; link=&#8221;http:\/\/hermanotomotiv.com\/al\/produkte\/getriebe\/volvo-getriebe\/&#8221;][vc_separator][vc_btn title=&#8221;Volvo-Getriebe&#8221; color=&#8221;primary&#8221; size=&#8221;sm&#8221; link=&#8221;url:http%3A%2F%2Fhermanotomotiv.com%2Fal%2Fprodukte%2Fgetriebe%2Fvolvo-getriebe%2F|||&#8221;][\/vc_column][\/vc_row]<\/p>\n<\/div>","protected":false},"excerpt":{"rendered":"<p>[vc_row][vc_column width=&#8221;1\/4&#8243;][vc_single_image image=&#8221;104&#8243; img_size=&#8221;100*200&#8243; style=&#8221;vc_box_rounded&#8221; onclick=&#8221;zoom&#8221; css_animation=&#8221;left-to-right&#8221;][\/vc_column][vc_column width=&#8221;1\/4&#8243;][vc_single_image image=&#8221;105&#8243; img_size=&#8221;100*200&#8243; style=&#8221;vc_box_rounded&#8221; onclick=&#8221;zoom&#8221; css_animation=&#8221;left-to-right&#8221;][\/vc_column][vc_column width=&#8221;1\/4&#8243;][vc_single_image image=&#8221;106&#8243; img_size=&#8221;100*200&#8243; style=&#8221;vc_box_rounded&#8221; onclick=&#8221;zoom&#8221; css_animation=&#8221;left-to-right&#8221;][\/vc_column][vc_column width=&#8221;1\/4&#8243;][vc_single_image image=&#8221;107&#8243; img_size=&#8221;100*200&#8243; style=&#8221;vc_box_rounded&#8221; onclick=&#8221;zoom&#8221; css_animation=&#8221;left-to-right&#8221;][\/vc_column][\/vc_row][vc_row][vc_column][vc_column_text] Wir k\u00f6nnen alle Weltfahrzeugzahnr\u00e4der und -werkzeuge finden. Wir wissen, welches [&hellip;]<\/p>\n<a href=\"https:\/\/hermanotomotiv.com\/al\/produkte\/getriebe\/\" class=\"entry-more pro-btn pro-btn-rounded pro-btn-xxs pro-btn-flat-accent\">Weiterlese<span class=\"screen-reader-text\"> about Getriebe<\/span><\/a>","protected":false},"author":1,"featured_media":0,"parent":13,"menu_order":0,"comment_status":"closed","ping_status":"closed","template":"","meta":{"footnotes":""},"class_list":["post-15","page","type-page","status-publish","hentry"],"_links":{"self":[{"href":"https:\/\/hermanotomotiv.com\/al\/wp-json\/wp\/v2\/pages\/15","targetHints":{"allow":["GET"]}}],"collection":[{"href":"https:\/\/hermanotomotiv.com\/al\/wp-json\/wp\/v2\/pages"}],"about":[{"href":"https:\/\/hermanotomotiv.com\/al\/wp-json\/wp\/v2\/types\/page"}],"author":[{"embeddable":true,"href":"https:\/\/hermanotomotiv.com\/al\/wp-json\/wp\/v2\/users\/1"}],"replies":[{"embeddable":true,"href":"https:\/\/hermanotomotiv.com\/al\/wp-json\/wp\/v2\/comments?post=15"}],"version-history":[{"count":4,"href":"https:\/\/hermanotomotiv.com\/al\/wp-json\/wp\/v2\/pages\/15\/revisions"}],"predecessor-version":[{"id":333,"href":"https:\/\/hermanotomotiv.com\/al\/wp-json\/wp\/v2\/pages\/15\/revisions\/333"}],"up":[{"embeddable":true,"href":"https:\/\/hermanotomotiv.com\/al\/wp-json\/wp\/v2\/pages\/13"}],"wp:attachment":[{"href":"https:\/\/hermanotomotiv.com\/al\/wp-json\/wp\/v2\/media?parent=15"}],"curies":[{"name":"wp","href":"https:\/\/api.w.org\/{rel}","templated":true}]}}