{"id":44,"date":"2018-02-03T22:02:33","date_gmt":"2018-02-03T22:02:33","guid":{"rendered":"http:\/\/hermanotomotiv.com\/al\/?page_id=44"},"modified":"2018-02-10T11:21:35","modified_gmt":"2018-02-10T11:21:35","slug":"unsere-lieferanten","status":"publish","type":"page","link":"https:\/\/hermanotomotiv.com\/al\/unsere-lieferanten\/","title":{"rendered":"UNSERE LIEFERANTEN"},"content":{"rendered":"<div class=\"wpb-content-wrapper\"><p>[vc_row][vc_column width=&#8221;1\/4&#8243;][vc_column_text]BREMSE<br \/>\nVORDERE WERKZEUGAUFH\u00c4NGUNG<br \/>\nKUPPLUNG UND GETRIEBE<br \/>\nK\u00dcHLEN UND HEIZEN<br \/>\nKRAFTSTOFFEINSPRITZUNG<br \/>\nFILTER<br \/>\nGUMMI DINNER<br \/>\nZ\u00dcNDUNG<br \/>\nMOTOR<br \/>\nBELEUCHTUNG<br \/>\nELEKTRIZIT\u00c4T<br \/>\nLANDWIRTSCHAFT<br \/>\n\u00d6LBOHRUNG<br \/>\nWISCHER[\/vc_column_text][vc_empty_space][vc_single_image image=&#8221;100&#8243; img_size=&#8221;250*250&#8243; alignment=&#8221;center&#8221; style=&#8221;vc_box_rounded&#8221;][vc_column_text]<\/p>\n<h4 style=\"text-align: center;\">Zuverl\u00e4ssige und schnelle Lieferung<\/h4>\n<p>[\/vc_column_text][vc_empty_space][vc_single_image image=&#8221;331&#8243; img_size=&#8221;250*250&#8243; style=&#8221;vc_box_border&#8221;][vc_column_text]<\/p>\n<h4 style=\"text-align: center;\">Sachs Ersatzteile<\/h4>\n<p>[\/vc_column_text][\/vc_column][vc_column width=&#8221;3\/4&#8243;][vc_single_image image=&#8221;321&#8243; img_size=&#8221;1024*129&#8243; alignment=&#8221;center&#8221; style=&#8221;vc_box_border&#8221;][vc_single_image image=&#8221;322&#8243; img_size=&#8221;1024*129&#8243; alignment=&#8221;center&#8221; style=&#8221;vc_box_border&#8221;][vc_single_image image=&#8221;323&#8243; img_size=&#8221;1024*129&#8243; alignment=&#8221;center&#8221; style=&#8221;vc_box_border&#8221;][vc_single_image image=&#8221;324&#8243; img_size=&#8221;1024*129&#8243; alignment=&#8221;center&#8221; style=&#8221;vc_box_border&#8221;][vc_single_image image=&#8221;325&#8243; img_size=&#8221;1024*129&#8243; alignment=&#8221;center&#8221; style=&#8221;vc_box_border&#8221;][vc_single_image image=&#8221;326&#8243; img_size=&#8221;1024*129&#8243; alignment=&#8221;center&#8221; style=&#8221;vc_box_border&#8221;][vc_single_image image=&#8221;327&#8243; img_size=&#8221;1024*129&#8243; alignment=&#8221;center&#8221; style=&#8221;vc_box_border&#8221;][vc_single_image image=&#8221;328&#8243; img_size=&#8221;1024*129&#8243; alignment=&#8221;center&#8221; style=&#8221;vc_box_border&#8221;][vc_single_image image=&#8221;329&#8243; img_size=&#8221;1024*129&#8243; alignment=&#8221;center&#8221; style=&#8221;vc_box_border&#8221;][vc_single_image image=&#8221;330&#8243; img_size=&#8221;1024*129&#8243; alignment=&#8221;center&#8221; style=&#8221;vc_box_border&#8221;][\/vc_column][\/vc_row]<\/p>\n<\/div>","protected":false},"excerpt":{"rendered":"<p>[vc_row][vc_column width=&#8221;1\/4&#8243;][vc_column_text]BREMSE VORDERE WERKZEUGAUFH\u00c4NGUNG KUPPLUNG UND GETRIEBE K\u00dcHLEN UND HEIZEN KRAFTSTOFFEINSPRITZUNG FILTER GUMMI DINNER Z\u00dcNDUNG MOTOR BELEUCHTUNG ELEKTRIZIT\u00c4T LANDWIRTSCHAFT \u00d6LBOHRUNG WISCHER[\/vc_column_text][vc_empty_space][vc_single_image image=&#8221;100&#8243; img_size=&#8221;250*250&#8243; alignment=&#8221;center&#8221; style=&#8221;vc_box_rounded&#8221;][vc_column_text] Zuverl\u00e4ssige und schnelle Lieferung [\/vc_column_text][vc_empty_space][vc_single_image image=&#8221;331&#8243; img_size=&#8221;250*250&#8243; style=&#8221;vc_box_border&#8221;][vc_column_text] Sachs Ersatzteile [&hellip;]<\/p>\n<a href=\"https:\/\/hermanotomotiv.com\/al\/unsere-lieferanten\/\" class=\"entry-more pro-btn pro-btn-rounded pro-btn-xxs pro-btn-flat-accent\">Weiterlese<span class=\"screen-reader-text\"> about UNSERE LIEFERANTEN<\/span><\/a>","protected":false},"author":1,"featured_media":0,"parent":0,"menu_order":0,"comment_status":"closed","ping_status":"closed","template":"","meta":{"footnotes":""},"class_list":["post-44","page","type-page","status-publish","hentry"],"_links":{"self":[{"href":"https:\/\/hermanotomotiv.com\/al\/wp-json\/wp\/v2\/pages\/44","targetHints":{"allow":["GET"]}}],"collection":[{"href":"https:\/\/hermanotomotiv.com\/al\/wp-json\/wp\/v2\/pages"}],"about":[{"href":"https:\/\/hermanotomotiv.com\/al\/wp-json\/wp\/v2\/types\/page"}],"author":[{"embeddable":true,"href":"https:\/\/hermanotomotiv.com\/al\/wp-json\/wp\/v2\/users\/1"}],"replies":[{"embeddable":true,"href":"https:\/\/hermanotomotiv.com\/al\/wp-json\/wp\/v2\/comments?post=44"}],"version-history":[{"count":4,"href":"https:\/\/hermanotomotiv.com\/al\/wp-json\/wp\/v2\/pages\/44\/revisions"}],"predecessor-version":[{"id":332,"href":"https:\/\/hermanotomotiv.com\/al\/wp-json\/wp\/v2\/pages\/44\/revisions\/332"}],"wp:attachment":[{"href":"https:\/\/hermanotomotiv.com\/al\/wp-json\/wp\/v2\/media?parent=44"}],"curies":[{"name":"wp","href":"https:\/\/api.w.org\/{rel}","templated":true}]}}