{"id":9,"date":"2018-02-03T21:47:45","date_gmt":"2018-02-03T21:47:45","guid":{"rendered":"http:\/\/hermanotomotiv.com\/al\/?page_id=9"},"modified":"2018-02-15T17:15:13","modified_gmt":"2018-02-15T17:15:13","slug":"uber-uns","status":"publish","type":"page","link":"https:\/\/hermanotomotiv.com\/al\/herman\/uber-uns\/","title":{"rendered":"\u00dcber uns"},"content":{"rendered":"<div class=\"wpb-content-wrapper\"><p>[vc_row][vc_column width=&#8221;2\/3&#8243;][vc_column_text]<\/p>\n<p style=\"text-align: center;\"><span style=\"color: #000000;\"><strong>HERMAN Otomotiv Sanayi ve Ticaret Ltd. ist eine Gesellschaft der BOZBAYLAR Gruppe.<\/strong><\/span><\/p>\n<p>[\/vc_column_text][vc_empty_space][vc_column_text]<span style=\"color: #000000;\"><img loading=\"lazy\" decoding=\"async\" class=\"alignnone size-full wp-image-132\" src=\"http:\/\/hermanotomotiv.com\/en\/wp-content\/uploads\/2018\/01\/ikonsmall.png\" alt=\"\" width=\"35\" height=\"37\" \/> Es wurde im Jahr 1984 in der Ankara gro\u00dfen Industriezone (Ankara B\u00fcy\u00fck Sanayi) gegr\u00fcndet, und direkt nach der Gr\u00fcndung der Y\u0131ld\u0131z Industriezone (Y\u0131ld\u0131z Sanayi Sitesi), die sich in der OSTIM Industrieregion befindet, wurde sie in ihre eigenen Geb\u00e4ude verlegt Y\u0131ld\u0131z Industriegebiet.<br \/>\n<\/span>[\/vc_column_text][vc_empty_space][vc_column_text]<span style=\"color: #000000;\"><img loading=\"lazy\" decoding=\"async\" class=\"alignnone size-full wp-image-132\" src=\"http:\/\/hermanotomotiv.com\/en\/wp-content\/uploads\/2018\/01\/ikonsmall.png\" alt=\"\" width=\"35\" height=\"37\" \/> HERMAN Otomotiv entwickelt seine angesehenen und prestigetr\u00e4chtigen Aktivit\u00e4ten im Industriegebiet Y\u0131ld\u0131z weit mehr als in Ankara Large Industry und hat sich den Respekt und den Ruf erworben, den es nicht nur in der Stadt Ankara, sondern auch im ganzen Land verdient.<br \/>\n<\/span>[\/vc_column_text][vc_empty_space][vc_column_text]<span style=\"color: #000000;\"><img loading=\"lazy\" decoding=\"async\" class=\"alignnone size-full wp-image-132\" src=\"http:\/\/hermanotomotiv.com\/en\/wp-content\/uploads\/2018\/01\/ikonsmall.png\" alt=\"\" width=\"35\" height=\"37\" \/> Zusammen mit der bekannten deutschen Marke ZF, die Getriebe- und Differenzialprodukte der italienischen Marken wie Euroricambi, Antonia Masiero und TEMAC f\u00fcr LKW und Busfahrzeuge im Gro\u00dffahrzeugbereich h\u00e4lt, erf\u00fcllt sie die Anspr\u00fcche der Kunden auf h\u00f6chstem Niveau . Es bietet auch Reparaturdienstleistungen f\u00fcr Kunden sowie den Gro\u00df- und Einzelhandel dieser Produkte.<br \/>\n<\/span>[\/vc_column_text][\/vc_column][vc_column width=&#8221;1\/3&#8243;][vc_single_image image=&#8221;129&#8243; img_size=&#8221;300*200&#8243; style=&#8221;vc_box_rounded&#8221; css_animation=&#8221;right-to-left&#8221;][vc_separator][vc_single_image image=&#8221;8&#8243; img_size=&#8221;97*100&#8243; alignment=&#8221;center&#8221; css_animation=&#8221;top-to-bottom&#8221;][vc_separator][\/vc_column][\/vc_row][vc_row][vc_column width=&#8221;1\/3&#8243;][vc_single_image image=&#8221;130&#8243; img_size=&#8221;250*200&#8243; style=&#8221;vc_box_border&#8221; css_animation=&#8221;right-to-left&#8221;][\/vc_column][vc_column width=&#8221;1\/3&#8243;][vc_single_image image=&#8221;131&#8243; img_size=&#8221;250*200&#8243; style=&#8221;vc_box_border&#8221; css_animation=&#8221;right-to-left&#8221;][\/vc_column][vc_column width=&#8221;1\/3&#8243;][vc_single_image image=&#8221;132&#8243; img_size=&#8221;250*200&#8243; style=&#8221;vc_box_border&#8221; css_animation=&#8221;right-to-left&#8221;][\/vc_column][\/vc_row][vc_row][vc_column][vc_custom_heading text=&#8221;Irgendein Ort von unserem Platz.&#8221; font_container=&#8221;tag:h2|text_align:left&#8221; google_fonts=&#8221;font_family:Abril%20Fatface%3Aregular|font_style:400%20regular%3A400%3Anormal&#8221;][\/vc_column][\/vc_row][vc_row][vc_column width=&#8221;1\/6&#8243;][vc_single_image image=&#8221;339&#8243; img_size=&#8221;150*100&#8243; style=&#8221;vc_box_border&#8221; onclick=&#8221;img_link_large&#8221; css_animation=&#8221;left-to-right&#8221;][\/vc_column][vc_column width=&#8221;1\/6&#8243;][vc_single_image image=&#8221;360&#8243; img_size=&#8221;150*100&#8243; style=&#8221;vc_box_border&#8221; onclick=&#8221;img_link_large&#8221; css_animation=&#8221;left-to-right&#8221;][\/vc_column][vc_column width=&#8221;1\/6&#8243;][vc_single_image image=&#8221;357&#8243; img_size=&#8221;150*100&#8243; style=&#8221;vc_box_border&#8221; onclick=&#8221;img_link_large&#8221; css_animation=&#8221;left-to-right&#8221;][\/vc_column][vc_column width=&#8221;1\/6&#8243;][vc_single_image image=&#8221;366&#8243; img_size=&#8221;150*100&#8243; style=&#8221;vc_box_border&#8221; onclick=&#8221;img_link_large&#8221; css_animation=&#8221;left-to-right&#8221;][\/vc_column][vc_column width=&#8221;1\/6&#8243;][vc_single_image image=&#8221;368&#8243; img_size=&#8221;150*100&#8243; style=&#8221;vc_box_border&#8221; onclick=&#8221;img_link_large&#8221; css_animation=&#8221;left-to-right&#8221;][\/vc_column][vc_column width=&#8221;1\/6&#8243;][vc_single_image image=&#8221;369&#8243; img_size=&#8221;150*100&#8243; style=&#8221;vc_box_border&#8221; onclick=&#8221;img_link_large&#8221; css_animation=&#8221;left-to-right&#8221;][\/vc_column][\/vc_row]<\/p>\n<\/div>","protected":false},"excerpt":{"rendered":"<p>[vc_row][vc_column width=&#8221;2\/3&#8243;][vc_column_text] HERMAN Otomotiv Sanayi ve Ticaret Ltd. ist eine Gesellschaft der BOZBAYLAR Gruppe. [\/vc_column_text][vc_empty_space][vc_column_text] Es wurde im Jahr 1984 in der Ankara gro\u00dfen Industriezone (Ankara B\u00fcy\u00fck Sanayi) gegr\u00fcndet, und direkt nach der Gr\u00fcndung der [&hellip;]<\/p>\n<a href=\"https:\/\/hermanotomotiv.com\/al\/herman\/uber-uns\/\" class=\"entry-more pro-btn pro-btn-rounded pro-btn-xxs pro-btn-flat-accent\">Weiterlese<span class=\"screen-reader-text\"> about \u00dcber uns<\/span><\/a>","protected":false},"author":1,"featured_media":0,"parent":2,"menu_order":0,"comment_status":"closed","ping_status":"closed","template":"","meta":{"footnotes":""},"class_list":["post-9","page","type-page","status-publish","hentry"],"_links":{"self":[{"href":"https:\/\/hermanotomotiv.com\/al\/wp-json\/wp\/v2\/pages\/9","targetHints":{"allow":["GET"]}}],"collection":[{"href":"https:\/\/hermanotomotiv.com\/al\/wp-json\/wp\/v2\/pages"}],"about":[{"href":"https:\/\/hermanotomotiv.com\/al\/wp-json\/wp\/v2\/types\/page"}],"author":[{"embeddable":true,"href":"https:\/\/hermanotomotiv.com\/al\/wp-json\/wp\/v2\/users\/1"}],"replies":[{"embeddable":true,"href":"https:\/\/hermanotomotiv.com\/al\/wp-json\/wp\/v2\/comments?post=9"}],"version-history":[{"count":5,"href":"https:\/\/hermanotomotiv.com\/al\/wp-json\/wp\/v2\/pages\/9\/revisions"}],"predecessor-version":[{"id":370,"href":"https:\/\/hermanotomotiv.com\/al\/wp-json\/wp\/v2\/pages\/9\/revisions\/370"}],"up":[{"embeddable":true,"href":"https:\/\/hermanotomotiv.com\/al\/wp-json\/wp\/v2\/pages\/2"}],"wp:attachment":[{"href":"https:\/\/hermanotomotiv.com\/al\/wp-json\/wp\/v2\/media?parent=9"}],"curies":[{"name":"wp","href":"https:\/\/api.w.org\/{rel}","templated":true}]}}