{"id":19,"date":"2018-02-07T18:59:34","date_gmt":"2018-02-07T18:59:34","guid":{"rendered":"http:\/\/hermanotomotiv.com\/ar\/?page_id=19"},"modified":"2018-02-09T08:12:12","modified_gmt":"2018-02-09T08:12:12","slug":"%d8%a7%d9%84%d9%84%d8%ba%d8%a7%d8%aa","status":"publish","type":"page","link":"https:\/\/hermanotomotiv.com\/ar\/%d8%a7%d9%84%d9%84%d8%ba%d8%a7%d8%aa\/","title":{"rendered":"\u0627\u0644\u0644\u063a\u0627\u062a"},"content":{"rendered":"<div class=\"wpb-content-wrapper\"><p>[vc_row][vc_column width=&#8221;1\/4&#8243;][vc_text_separator title=&#8221;\u0627\u0644\u062a\u0631\u0648\u0633&#8221; title_align=&#8221;separator_align_right&#8221;][vc_column_text]<\/p>\n<h3 style=\"text-align: left;\"><strong>\u0628\u0639\u0636 \u0627\u0644\u0645\u0646\u062a\u062c\u0627\u062a :<\/strong><\/h3>\n<p>ECOL\u0130TE<br \/>\nNEW ECOL\u0130TE<br \/>\nECOMID<br \/>\nNEW ECOM\u0130D<br \/>\nECOSPLIT I<br \/>\nECOSPLIT II<br \/>\nECOSPLIT III<\/p>\n<h3 style=\"text-align: right;\"><a href=\"http:\/\/hermanotomotiv.com\/ar\/%d8%a7%d9%84%d9%84%d8%ba%d8%a7%d8%aa\/%d8%a7%d9%84%d8%aa%d8%b1%d9%88%d8%b3\/\">\u062c\u0645\u064a\u0639 \u0627\u0644\u0645\u0646\u062a\u062c\u0627\u062a<\/a><\/h3>\n<p>[\/vc_column_text][\/vc_column][vc_column width=&#8221;3\/4&#8243;][vc_single_image image=&#8221;160&#8243; img_size=&#8221;850*260&#8243; style=&#8221;vc_box_rounded&#8221; onclick=&#8221;custom_link&#8221; css_animation=&#8221;left-to-right&#8221; link=&#8221;http:\/\/hermanotomotiv.com\/en\/products\/gears\/&#8221;][\/vc_column][\/vc_row][vc_row][vc_column width=&#8221;2\/3&#8243;][vc_single_image image=&#8221;161&#8243; img_size=&#8221;850*260&#8243; alignment=&#8221;right&#8221; style=&#8221;vc_box_rounded&#8221; onclick=&#8221;custom_link&#8221; css_animation=&#8221;right-to-left&#8221; link=&#8221;http:\/\/hermanotomotiv.com\/en\/products\/differential\/&#8221;][\/vc_column][vc_column width=&#8221;1\/3&#8243;][vc_text_separator title=&#8221;\u0627\u0644\u062a\u0641\u0627\u0636\u0644\u064a\u0647&#8221;][vc_column_text]<\/p>\n<h3><strong>\u0628\u0639\u0636 \u0627\u0644\u0645\u0646\u062a\u062c\u0627\u062a<\/strong> :<\/h3>\n<p>\u0642\u0631\u064a\u0628\u0627&#8230;[\/vc_column_text][\/vc_column][\/vc_row][vc_row][vc_column width=&#8221;1\/4&#8243;][vc_text_separator title=&#8221;\u0637\u0628\u0627\u0639\u0629 \u0628\u0627\u0644\u0637\u0629&#8221;][vc_column_text]<\/p>\n<h3>\u0628\u0639\u0636 \u0627\u0644\u0645\u0646\u062a\u062c\u0627\u062a :<\/h3>\n<p>3482 083 113<br \/>\n3488 023 031<br \/>\n1878 002 024<br \/>\n3483 000 258<br \/>\n3400 700 509<br \/>\n3482 000 463<\/p>\n<h3 style=\"text-align: right;\"><a href=\"http:\/\/hermanotomotiv.com\/ar\/%d8%a7%d9%84%d9%84%d8%ba%d8%a7%d8%aa\/%d8%b7%d8%a8%d8%a7%d8%b9%d8%a9-%d8%a8%d8%a7%d9%84%d8%b7%d8%a9\/\">\u062c\u0645\u064a\u0639 \u0627\u0644\u0645\u0646\u062a\u062c\u0627\u062a<\/a><\/h3>\n<p>[\/vc_column_text][\/vc_column][vc_column width=&#8221;3\/4&#8243;][vc_single_image image=&#8221;162&#8243; img_size=&#8221;850*260&#8243; style=&#8221;vc_box_rounded&#8221; onclick=&#8221;custom_link&#8221; css_animation=&#8221;left-to-right&#8221; link=&#8221;http:\/\/hermanotomotiv.com\/en\/products\/print-balata\/&#8221;][\/vc_column][\/vc_row][vc_row][vc_column width=&#8221;2\/3&#8243;][vc_single_image image=&#8221;163&#8243; img_size=&#8221;850*260&#8243; alignment=&#8221;right&#8221; style=&#8221;vc_box_rounded&#8221; onclick=&#8221;custom_link&#8221; css_animation=&#8221;right-to-left&#8221; link=&#8221;http:\/\/hermanotomotiv.com\/en\/products\/steering-pump\/&#8221;][\/vc_column][vc_column width=&#8221;1\/3&#8243;][vc_text_separator title=&#8221;\u0645\u0636\u062e\u0629 \u0627\u0644\u062a\u0648\u062c\u064a\u0647&#8221;][vc_column_text]<\/p>\n<h3><strong>\u0628\u0639\u0636 \u0627\u0644\u0645\u0646\u062a\u062c\u0627\u062a<\/strong> :<\/h3>\n<p>7685 955 324<br \/>\n7686 955 128<br \/>\n(7686 955 122)<br \/>\n7685 955 164<br \/>\n7686 955 197<br \/>\n(7686 955 142)<br \/>\n7684 955 198<\/p>\n<h3 style=\"text-align: right;\"><a href=\"http:\/\/hermanotomotiv.com\/ar\/%d8%a7%d9%84%d9%84%d8%ba%d8%a7%d8%aa\/%d8%a7%d9%84%d8%aa%d9%81%d8%a7%d8%b6%d9%84%d9%8a%d9%87\/\">\u0645\u0636\u062e\u0629 \u0627\u0644\u062a\u0648\u062c\u064a\u0647<\/a><\/h3>\n<p>[\/vc_column_text][\/vc_column][\/vc_row]<\/p>\n<\/div>","protected":false},"excerpt":{"rendered":"<p>[vc_row][vc_column width=&#8221;1\/4&#8243;][vc_text_separator title=&#8221;\u0627\u0644\u062a\u0631\u0648\u0633&#8221; title_align=&#8221;separator_align_right&#8221;][vc_column_text] \u0628\u0639\u0636 \u0627\u0644\u0645\u0646\u062a\u062c\u0627\u062a : ECOL\u0130TE NEW ECOL\u0130TE ECOMID NEW ECOM\u0130D ECOSPLIT I ECOSPLIT II ECOSPLIT III \u062c\u0645\u064a\u0639 \u0627\u0644\u0645\u0646\u062a\u062c\u0627\u062a [\/vc_column_text][\/vc_column][vc_column width=&#8221;3\/4&#8243;][vc_single_image image=&#8221;160&#8243; img_size=&#8221;850*260&#8243; style=&#8221;vc_box_rounded&#8221; onclick=&#8221;custom_link&#8221; css_animation=&#8221;left-to-right&#8221; link=&#8221;http:\/\/hermanotomotiv.com\/en\/products\/gears\/&#8221;][\/vc_column][\/vc_row][vc_row][vc_column width=&#8221;2\/3&#8243;][vc_single_image image=&#8221;161&#8243; img_size=&#8221;850*260&#8243; alignment=&#8221;right&#8221; style=&#8221;vc_box_rounded&#8221; onclick=&#8221;custom_link&#8221; [&hellip;]<\/p>\n<a href=\"https:\/\/hermanotomotiv.com\/ar\/%d8%a7%d9%84%d9%84%d8%ba%d8%a7%d8%aa\/\" class=\"entry-more pro-btn pro-btn-rounded pro-btn-xxs pro-btn-flat-accent\">\u0645\u0631\u0627\u062c\u0639\u0629 \u0627\u0644\u0645\u0646\u062a\u062c\u0627\u062a<span class=\"screen-reader-text\"> about \u0627\u0644\u0644\u063a\u0627\u062a<\/span><\/a>","protected":false},"author":1,"featured_media":0,"parent":0,"menu_order":0,"comment_status":"closed","ping_status":"closed","template":"","meta":{"footnotes":""},"class_list":["post-19","page","type-page","status-publish","hentry"],"_links":{"self":[{"href":"https:\/\/hermanotomotiv.com\/ar\/wp-json\/wp\/v2\/pages\/19","targetHints":{"allow":["GET"]}}],"collection":[{"href":"https:\/\/hermanotomotiv.com\/ar\/wp-json\/wp\/v2\/pages"}],"about":[{"href":"https:\/\/hermanotomotiv.com\/ar\/wp-json\/wp\/v2\/types\/page"}],"author":[{"embeddable":true,"href":"https:\/\/hermanotomotiv.com\/ar\/wp-json\/wp\/v2\/users\/1"}],"replies":[{"embeddable":true,"href":"https:\/\/hermanotomotiv.com\/ar\/wp-json\/wp\/v2\/comments?post=19"}],"version-history":[{"count":4,"href":"https:\/\/hermanotomotiv.com\/ar\/wp-json\/wp\/v2\/pages\/19\/revisions"}],"predecessor-version":[{"id":176,"href":"https:\/\/hermanotomotiv.com\/ar\/wp-json\/wp\/v2\/pages\/19\/revisions\/176"}],"wp:attachment":[{"href":"https:\/\/hermanotomotiv.com\/ar\/wp-json\/wp\/v2\/media?parent=19"}],"curies":[{"name":"wp","href":"https:\/\/api.w.org\/{rel}","templated":true}]}}