{"id":11,"date":"2018-02-10T18:53:00","date_gmt":"2018-02-10T18:53:00","guid":{"rendered":"http:\/\/hermanotomotiv.com\/sp\/?page_id=11"},"modified":"2018-02-18T20:44:52","modified_gmt":"2018-02-18T20:44:52","slug":"mision-y-vision","status":"publish","type":"page","link":"https:\/\/hermanotomotiv.com\/sp\/herman\/mision-y-vision\/","title":{"rendered":"Misi\u00f3n y visi\u00f3n"},"content":{"rendered":"<div class=\"wpb-content-wrapper\"><p>[vc_row][vc_column][vc_custom_heading text=&#8221;Misi\u00f3n y visi\u00f3n&#8221; font_container=&#8221;tag:h3|text_align:left&#8221; google_fonts=&#8221;font_family:Abril%20Fatface%3Aregular|font_style:400%20regular%3A400%3Anormal&#8221;][\/vc_column][\/vc_row][vc_row][vc_column width=&#8221;2\/3&#8243;][vc_custom_heading text=&#8221;Nuestra misi\u00f3n&#8221; font_container=&#8221;tag:h3|text_align:left&#8221; google_fonts=&#8221;font_family:Abril%20Fatface%3Aregular|font_style:400%20regular%3A400%3Anormal&#8221;][vc_column_text]HERMAN AUTOMOTIVE, con su conocida y confiable reputaci\u00f3n tanto a nivel nacional como mundial, tiene como objetivo ofrecer productos y servicios alternativos para la satisfacci\u00f3n y el uso de todos los clientes a precios asequibles mediante la adici\u00f3n de productos de marca de alta calidad a su propia cartera de ventas. Al hacer todo esto, su objetivo es aumentar la satisfacci\u00f3n del cliente sin alejarse de su principio de precios de productos confiables, de alta calidad y adecuados.[\/vc_column_text][\/vc_column][vc_column width=&#8221;1\/3&#8243;][vc_single_image image=&#8221;147&#8243; img_size=&#8221;250*200&#8243; alignment=&#8221;center&#8221; style=&#8221;vc_box_rounded&#8221;][\/vc_column][\/vc_row][vc_row][vc_column width=&#8221;2\/3&#8243;][vc_custom_heading text=&#8221;Nuestra visi\u00f3n&#8221; font_container=&#8221;tag:h3|text_align:left&#8221; google_fonts=&#8221;font_family:Abril%20Fatface%3Aregular|font_style:400%20regular%3A400%3Anormal&#8221;][vc_column_text]\u201cAl considerar la satisfacci\u00f3n del cliente, para proporcionar m\u00e1s calidad junto con un precio m\u00e1s razonable, para ofrecer productos de marcas alternativas para el uso y la satisfacci\u00f3n de los clientes, y para proporcionar un soporte de calidad despu\u00e9s de la venta.\u201d[\/vc_column_text][\/vc_column][vc_column width=&#8221;1\/3&#8243;][vc_single_image image=&#8221;148&#8243; img_size=&#8221;300*169&#8243; alignment=&#8221;center&#8221; style=&#8221;vc_box_rounded&#8221; css_animation=&#8221;right-to-left&#8221;][\/vc_column][\/vc_row][vc_row][vc_column][vc_gallery type=&#8221;image_grid&#8221; images=&#8221;328,329,330,325,324,323,321,320,319,317,318,315,314&#8243; img_size=&#8221;150*120&#8243; onclick=&#8221;img_link_large&#8221; css_animation=&#8221;bounceIn&#8221;][\/vc_column][\/vc_row]<\/p>\n<\/div>","protected":false},"excerpt":{"rendered":"<p>[vc_row][vc_column][vc_custom_heading text=&#8221;Misi\u00f3n y visi\u00f3n&#8221; font_container=&#8221;tag:h3|text_align:left&#8221; google_fonts=&#8221;font_family:Abril%20Fatface%3Aregular|font_style:400%20regular%3A400%3Anormal&#8221;][\/vc_column][\/vc_row][vc_row][vc_column width=&#8221;2\/3&#8243;][vc_custom_heading text=&#8221;Nuestra misi\u00f3n&#8221; font_container=&#8221;tag:h3|text_align:left&#8221; google_fonts=&#8221;font_family:Abril%20Fatface%3Aregular|font_style:400%20regular%3A400%3Anormal&#8221;][vc_column_text]HERMAN AUTOMOTIVE, con su conocida y confiable reputaci\u00f3n tanto a nivel nacional como mundial, tiene como objetivo ofrecer productos y servicios alternativos para la satisfacci\u00f3n [&hellip;]<\/p>\n<a href=\"https:\/\/hermanotomotiv.com\/sp\/herman\/mision-y-vision\/\" class=\"entry-more pro-btn pro-btn-rounded pro-btn-xxs pro-btn-flat-accent\">Lee mas<span class=\"screen-reader-text\"> about Misi\u00f3n y visi\u00f3n<\/span><\/a>","protected":false},"author":1,"featured_media":0,"parent":2,"menu_order":0,"comment_status":"closed","ping_status":"closed","template":"","meta":{"footnotes":""},"class_list":["post-11","page","type-page","status-publish","hentry"],"_links":{"self":[{"href":"https:\/\/hermanotomotiv.com\/sp\/wp-json\/wp\/v2\/pages\/11","targetHints":{"allow":["GET"]}}],"collection":[{"href":"https:\/\/hermanotomotiv.com\/sp\/wp-json\/wp\/v2\/pages"}],"about":[{"href":"https:\/\/hermanotomotiv.com\/sp\/wp-json\/wp\/v2\/types\/page"}],"author":[{"embeddable":true,"href":"https:\/\/hermanotomotiv.com\/sp\/wp-json\/wp\/v2\/users\/1"}],"replies":[{"embeddable":true,"href":"https:\/\/hermanotomotiv.com\/sp\/wp-json\/wp\/v2\/comments?post=11"}],"version-history":[{"count":5,"href":"https:\/\/hermanotomotiv.com\/sp\/wp-json\/wp\/v2\/pages\/11\/revisions"}],"predecessor-version":[{"id":331,"href":"https:\/\/hermanotomotiv.com\/sp\/wp-json\/wp\/v2\/pages\/11\/revisions\/331"}],"up":[{"embeddable":true,"href":"https:\/\/hermanotomotiv.com\/sp\/wp-json\/wp\/v2\/pages\/2"}],"wp:attachment":[{"href":"https:\/\/hermanotomotiv.com\/sp\/wp-json\/wp\/v2\/media?parent=11"}],"curies":[{"name":"wp","href":"https:\/\/api.w.org\/{rel}","templated":true}]}}