{"id":30,"date":"2018-02-10T19:04:59","date_gmt":"2018-02-10T19:04:59","guid":{"rendered":"http:\/\/hermanotomotiv.com\/sp\/?page_id=30"},"modified":"2018-02-11T16:26:50","modified_gmt":"2018-02-11T16:26:50","slug":"productos","status":"publish","type":"page","link":"https:\/\/hermanotomotiv.com\/sp\/productos\/","title":{"rendered":"PRODUCTOS"},"content":{"rendered":"<div class=\"wpb-content-wrapper\"><p>[vc_row][vc_column width=&#8221;1\/4&#8243;][vc_text_separator title=&#8221;Engranajes&#8221;][vc_column_text]<\/p>\n<p style=\"text-align: left;\"><strong>Algunos de los productos:<\/strong><br \/>\nECOL\u0130TE<br \/>\nNEW ECOL\u0130TE<br \/>\nECOMID<br \/>\nNEW ECOM\u0130D<br \/>\nECOSPLIT I<br \/>\nECOSPLIT II<br \/>\nECOSPLIT III<\/p>\n<p style=\"text-align: right;\"><a href=\"http:\/\/hermanotomotiv.com\/sp\/productos\/engranajes\/\">Todos los productos<\/a><\/p>\n<p>[\/vc_column_text][\/vc_column][vc_column width=&#8221;3\/4&#8243;][vc_single_image image=&#8221;166&#8243; img_size=&#8221;850*260&#8243; style=&#8221;vc_box_rounded&#8221; onclick=&#8221;custom_link&#8221; css_animation=&#8221;left-to-right&#8221; link=&#8221;http:\/\/hermanotomotiv.com\/en\/products\/gears\/&#8221;][\/vc_column][\/vc_row][vc_row][vc_column width=&#8221;2\/3&#8243;][vc_single_image image=&#8221;167&#8243; img_size=&#8221;850*260&#8243; alignment=&#8221;right&#8221; style=&#8221;vc_box_rounded&#8221; onclick=&#8221;custom_link&#8221; css_animation=&#8221;right-to-left&#8221; link=&#8221;http:\/\/hermanotomotiv.com\/en\/products\/differential\/&#8221;][\/vc_column][vc_column width=&#8221;1\/3&#8243;][vc_text_separator title=&#8221;Diferencial&#8221;][vc_column_text]<strong>Algunos de los productos:<\/strong><\/p>\n<p>pr\u00f3ximamente&#8230;[\/vc_column_text][\/vc_column][\/vc_row][vc_row][vc_column width=&#8221;1\/4&#8243;][vc_text_separator title=&#8221;Imprimir Balata&#8221;][vc_column_text]<strong>Algunos de los productos:<\/strong><br \/>\n3482 083 113<br \/>\n3488 023 031<br \/>\n1878 002 024<br \/>\n3483 000 258<br \/>\n3400 700 509<br \/>\n3482 000 463<\/p>\n<p style=\"text-align: right;\"><a href=\"http:\/\/hermanotomotiv.com\/sp\/productos\/imprimir-balata\/\">Todos los productos<\/a><\/p>\n<p>[\/vc_column_text][\/vc_column][vc_column width=&#8221;3\/4&#8243;][vc_single_image image=&#8221;168&#8243; img_size=&#8221;850*260&#8243; style=&#8221;vc_box_rounded&#8221; onclick=&#8221;custom_link&#8221; css_animation=&#8221;left-to-right&#8221; link=&#8221;http:\/\/hermanotomotiv.com\/en\/products\/print-balata\/&#8221;][\/vc_column][\/vc_row][vc_row][vc_column width=&#8221;2\/3&#8243;][vc_single_image image=&#8221;169&#8243; img_size=&#8221;850*260&#8243; alignment=&#8221;right&#8221; style=&#8221;vc_box_rounded&#8221; onclick=&#8221;custom_link&#8221; css_animation=&#8221;right-to-left&#8221; link=&#8221;http:\/\/hermanotomotiv.com\/en\/products\/steering-pump\/&#8221;][\/vc_column][vc_column width=&#8221;1\/3&#8243;][vc_text_separator title=&#8221;Bomba de direcci\u00f3n&#8221;][vc_column_text]<strong>Algunos de los productos:<\/strong><br \/>\n7685 955 324<br \/>\n7686 955 128<br \/>\n(7686 955 122)<br \/>\n7685 955 164<br \/>\n7686 955 197<br \/>\n(7686 955 142)<br \/>\n7684 955 198<\/p>\n<p style=\"text-align: right;\"><a href=\"http:\/\/hermanotomotiv.com\/sp\/productos\/bomba-de-direccion\/\">Todos los productos<\/a><\/p>\n<p>[\/vc_column_text][\/vc_column][\/vc_row]<\/p>\n<\/div>","protected":false},"excerpt":{"rendered":"<p>[vc_row][vc_column width=&#8221;1\/4&#8243;][vc_text_separator title=&#8221;Engranajes&#8221;][vc_column_text] Algunos de los productos: ECOL\u0130TE NEW ECOL\u0130TE ECOMID NEW ECOM\u0130D ECOSPLIT I ECOSPLIT II ECOSPLIT III Todos los productos [\/vc_column_text][\/vc_column][vc_column width=&#8221;3\/4&#8243;][vc_single_image image=&#8221;166&#8243; img_size=&#8221;850*260&#8243; style=&#8221;vc_box_rounded&#8221; onclick=&#8221;custom_link&#8221; css_animation=&#8221;left-to-right&#8221; link=&#8221;http:\/\/hermanotomotiv.com\/en\/products\/gears\/&#8221;][\/vc_column][\/vc_row][vc_row][vc_column width=&#8221;2\/3&#8243;][vc_single_image image=&#8221;167&#8243; img_size=&#8221;850*260&#8243; alignment=&#8221;right&#8221; style=&#8221;vc_box_rounded&#8221; [&hellip;]<\/p>\n<a href=\"https:\/\/hermanotomotiv.com\/sp\/productos\/\" class=\"entry-more pro-btn pro-btn-rounded pro-btn-xxs pro-btn-flat-accent\">Lee mas<span class=\"screen-reader-text\"> about PRODUCTOS<\/span><\/a>","protected":false},"author":1,"featured_media":0,"parent":0,"menu_order":0,"comment_status":"closed","ping_status":"closed","template":"","meta":{"footnotes":""},"class_list":["post-30","page","type-page","status-publish","hentry"],"_links":{"self":[{"href":"https:\/\/hermanotomotiv.com\/sp\/wp-json\/wp\/v2\/pages\/30","targetHints":{"allow":["GET"]}}],"collection":[{"href":"https:\/\/hermanotomotiv.com\/sp\/wp-json\/wp\/v2\/pages"}],"about":[{"href":"https:\/\/hermanotomotiv.com\/sp\/wp-json\/wp\/v2\/types\/page"}],"author":[{"embeddable":true,"href":"https:\/\/hermanotomotiv.com\/sp\/wp-json\/wp\/v2\/users\/1"}],"replies":[{"embeddable":true,"href":"https:\/\/hermanotomotiv.com\/sp\/wp-json\/wp\/v2\/comments?post=30"}],"version-history":[{"count":4,"href":"https:\/\/hermanotomotiv.com\/sp\/wp-json\/wp\/v2\/pages\/30\/revisions"}],"predecessor-version":[{"id":170,"href":"https:\/\/hermanotomotiv.com\/sp\/wp-json\/wp\/v2\/pages\/30\/revisions\/170"}],"wp:attachment":[{"href":"https:\/\/hermanotomotiv.com\/sp\/wp-json\/wp\/v2\/media?parent=30"}],"curies":[{"name":"wp","href":"https:\/\/api.w.org\/{rel}","templated":true}]}}