{"id":48,"date":"2018-02-10T19:17:05","date_gmt":"2018-02-10T19:17:05","guid":{"rendered":"http:\/\/hermanotomotiv.com\/sp\/?page_id=48"},"modified":"2018-02-14T13:52:01","modified_gmt":"2018-02-14T13:52:01","slug":"contacto","status":"publish","type":"page","link":"https:\/\/hermanotomotiv.com\/sp\/contacto\/","title":{"rendered":"CONTACTO"},"content":{"rendered":"<div class=\"wpb-content-wrapper\"><p>[vc_row][vc_column width=&#8221;1\/2&#8243;][vc_single_image image=&#8221;311&#8243; img_size=&#8221;400*211&#8243; style=&#8221;vc_box_rounded&#8221; css_animation=&#8221;left-to-right&#8221;][vc_text_separator title=&#8221;OFICINA CENTRAL&#8221; color=&#8221;sky&#8221;][vc_column_text]<\/p>\n<p style=\"text-align: center;\">Informaci\u00f3n del contacto<\/p>\n<p>[\/vc_column_text][vc_column_text]<strong>DIRECCI\u00d3N :<\/strong><br \/>\nBa\u011fdat Cad. No: 421 Ostim-Ankara<\/p>\n<p><strong>TEL\u00c9FONO :<\/strong><br \/>\n+90 (312) 354 56 38 &#8211; 354 40 42<\/p>\n<p><strong>FAX :<\/strong><br \/>\n+90 (312) 354 08 40<\/p>\n<p>Ventas :<br \/>\n<a href=\"mailto:burak@hermanotomotiv.com\" target=\"_blank\" rel=\"noopener\">burak@hermanotomotiv.com<\/a><\/p>\n<p>Departamento de Exportaci\u00f3n :<br \/>\n<a href=\"mailto:canan@hermanotomotiv.com\" target=\"_blank\" rel=\"noopener\">canan@hermanotomotiv.com<\/a><\/p>\n<p>Pedir art\u00edculo :<br \/>\n<a href=\"mailto:urun@hermanotomotiv.com\" target=\"_blank\" rel=\"noopener\">urun@hermanotomotiv.com<\/a><\/p>\n<p>[\/vc_column_text][vc_empty_space][vc_text_separator title=&#8221;Donde estamos &#8230;&#8221;][vc_column_text]<iframe loading=\"lazy\" style=\"border: 0;\" src=\"https:\/\/www.google.com\/maps\/embed?pb=!1m18!1m12!1m3!1d12232.202528206946!2d32.75280048079613!3d39.962620670725634!2m3!1f0!2f0!3f0!3m2!1i1024!2i768!4f13.1!3m3!1m2!1s0x14d349ba98f7e6e5%3A0x35939adf9f1884b2!2zSEVSTUFOIE9UT01PVMSwViBTQU5BWcSwIFTEsEMgTFREIMWeVMSw!5e0!3m2!1str!2str!4v1517051497177\" width=\"500\" height=\"250\" frameborder=\"0\" allowfullscreen=\"allowfullscreen\"><\/iframe>[\/vc_column_text][\/vc_column][vc_column width=&#8221;1\/2&#8243;][vc_text_separator title=&#8221;Sucursal&#8221; color=&#8221;sky&#8221;][vc_column_text]<\/p>\n<p style=\"text-align: center;\">Informaci\u00f3n del contacto<\/p>\n<p>[\/vc_column_text][vc_column_text]<strong>DIRECCI\u00d3N :<\/strong><br \/>\nSanayi Mah. Yeni Sanayi Sitesi 2. Blok Fatih Cad. No: 28 AKSARAY<\/p>\n<p><strong>TEL\u00c9FONO :<\/strong><br \/>\n+90 (382) 215 00 06<\/p>\n<p><strong>FAX :<\/strong><br \/>\n+90 (382) 215 00 09<\/p>\n<p><strong>EMAIL :<\/strong><br \/>\n<a href=\"mailto:info@zirvezfsanziman.com\" target=\"_blank\" rel=\"noopener\">info@zirvezfsanziman.com<\/a><br \/>\n<a href=\"mailto:burak@zirvezfsanziman.com\" target=\"_blank\" rel=\"noopener\">burak@zirvezfsanziman.com<\/a><br \/>\n<a href=\"mailto:satis@zirvezfsanziman.com\" target=\"_blank\" rel=\"noopener\">satis@zirvezfsanziman.com<\/a><br \/>\n<a href=\"mailto:muhasebe@zirvezfsanziman.com\" target=\"_blank\" rel=\"noopener\">muhasebe@zirvezfsanziman.com<\/a><\/p>\n<p>[\/vc_column_text][vc_empty_space][vc_text_separator title=&#8221;Donde estamos &#8230;&#8221;][vc_column_text]<iframe loading=\"lazy\" style=\"border: 0;\" src=\"https:\/\/www.google.com\/maps\/embed?pb=!1m18!1m12!1m3!1d3127.870506722204!2d33.995606114951656!3d38.37511697965463!2m3!1f0!2f0!3f0!3m2!1i1024!2i768!4f13.1!3m3!1m2!1s0x14d6708d3485f8f3%3A0xff5b35f903059b58!2sSanayi+Sitesi!5e0!3m2!1str!2str!4v1517051646872\" width=\"500\" height=\"500\" frameborder=\"0\" allowfullscreen=\"allowfullscreen\"><\/iframe>[\/vc_column_text][\/vc_column][\/vc_row]<\/p>\n<\/div>","protected":false},"excerpt":{"rendered":"<p>[vc_row][vc_column width=&#8221;1\/2&#8243;][vc_single_image image=&#8221;311&#8243; img_size=&#8221;400*211&#8243; style=&#8221;vc_box_rounded&#8221; css_animation=&#8221;left-to-right&#8221;][vc_text_separator title=&#8221;OFICINA CENTRAL&#8221; color=&#8221;sky&#8221;][vc_column_text] Informaci\u00f3n del contacto [\/vc_column_text][vc_column_text]DIRECCI\u00d3N : Ba\u011fdat Cad. No: 421 Ostim-Ankara TEL\u00c9FONO : +90 (312) 354 56 38 &#8211; 354 40 42 FAX : +90 (312) 354 [&hellip;]<\/p>\n<a href=\"https:\/\/hermanotomotiv.com\/sp\/contacto\/\" class=\"entry-more pro-btn pro-btn-rounded pro-btn-xxs pro-btn-flat-accent\">Lee mas<span class=\"screen-reader-text\"> about CONTACTO<\/span><\/a>","protected":false},"author":1,"featured_media":0,"parent":0,"menu_order":0,"comment_status":"closed","ping_status":"closed","template":"","meta":{"footnotes":""},"class_list":["post-48","page","type-page","status-publish","hentry"],"_links":{"self":[{"href":"https:\/\/hermanotomotiv.com\/sp\/wp-json\/wp\/v2\/pages\/48","targetHints":{"allow":["GET"]}}],"collection":[{"href":"https:\/\/hermanotomotiv.com\/sp\/wp-json\/wp\/v2\/pages"}],"about":[{"href":"https:\/\/hermanotomotiv.com\/sp\/wp-json\/wp\/v2\/types\/page"}],"author":[{"embeddable":true,"href":"https:\/\/hermanotomotiv.com\/sp\/wp-json\/wp\/v2\/users\/1"}],"replies":[{"embeddable":true,"href":"https:\/\/hermanotomotiv.com\/sp\/wp-json\/wp\/v2\/comments?post=48"}],"version-history":[{"count":4,"href":"https:\/\/hermanotomotiv.com\/sp\/wp-json\/wp\/v2\/pages\/48\/revisions"}],"predecessor-version":[{"id":312,"href":"https:\/\/hermanotomotiv.com\/sp\/wp-json\/wp\/v2\/pages\/48\/revisions\/312"}],"wp:attachment":[{"href":"https:\/\/hermanotomotiv.com\/sp\/wp-json\/wp\/v2\/media?parent=48"}],"curies":[{"name":"wp","href":"https:\/\/api.w.org\/{rel}","templated":true}]}}