{"id":9,"date":"2018-02-10T18:52:27","date_gmt":"2018-02-10T18:52:27","guid":{"rendered":"http:\/\/hermanotomotiv.com\/sp\/?page_id=9"},"modified":"2018-02-18T20:48:10","modified_gmt":"2018-02-18T20:48:10","slug":"sobre-nosotros","status":"publish","type":"page","link":"https:\/\/hermanotomotiv.com\/sp\/herman\/sobre-nosotros\/","title":{"rendered":"Sobre nosotros"},"content":{"rendered":"<div class=\"wpb-content-wrapper\"><p>[vc_row][vc_column width=&#8221;2\/3&#8243;][vc_column_text]<\/p>\n<p style=\"text-align: center;\"><span style=\"color: #000000;\"><strong>HERMAN Otomotiv Sanayi ve Ticaret Ltd. company is one of BOZBAYLAR Group companies.<\/strong><\/span><\/p>\n<p>[\/vc_column_text][vc_empty_space][vc_column_text]<span style=\"color: #000000;\"><img loading=\"lazy\" decoding=\"async\" class=\"alignnone size-full wp-image-132\" src=\"http:\/\/hermanotomotiv.com\/en\/wp-content\/uploads\/2018\/01\/ikonsmall.png\" alt=\"\" width=\"35\" height=\"37\" \/> Fue fundada en el a\u00f1o 1984 en la Gran Zona Industrial de Ankara (Ankara B\u00fcy\u00fck Sanayi), y justo despu\u00e9s del establecimiento de la Zona Industrial de Y\u0131ld\u0131z (Y\u0131ld\u0131z Sanayi Sitesi) que est\u00e1 situada en la Regi\u00f3n Industrial OSTIM, se traslad\u00f3 a sus propios edificios ubicados en Zona industrial de Y\u0131ld\u0131z.<br \/>\n<\/span>[\/vc_column_text][vc_empty_space][vc_column_text]<span style=\"color: #000000;\"><img loading=\"lazy\" decoding=\"async\" class=\"alignnone size-full wp-image-132\" src=\"http:\/\/hermanotomotiv.com\/en\/wp-content\/uploads\/2018\/01\/ikonsmall.png\" alt=\"\" width=\"35\" height=\"37\" \/> HERMAN Otomotiv contin\u00faa desarrollando sus actividades de renombre y prestigio en la Zona Industrial de Yildiz mucho m\u00e1s que en la Gran Industria de Ankara, y se ha ganado el respeto y la reputaci\u00f3n que merece no solo en la ciudad de Ankara, sino tambi\u00e9n en todo el pa\u00eds.<br \/>\n<\/span>[\/vc_column_text][vc_empty_space][vc_column_text]<span style=\"color: #000000;\"><img loading=\"lazy\" decoding=\"async\" class=\"alignnone size-full wp-image-132\" src=\"http:\/\/hermanotomotiv.com\/en\/wp-content\/uploads\/2018\/01\/ikonsmall.png\" alt=\"\" width=\"35\" height=\"37\" \/> Junto con la reconocida marca alemana ZF, al mantener la caja de cambios y productos diferenciales de las marcas italianas como Euroricambi, Antonia Masiero y TEMAC para camiones y veh\u00edculos de autobuses en el sector de veh\u00edculos grandes, satisface las demandas de los clientes al m\u00e1s alto nivel . Tambi\u00e9n proporciona servicios de reparaci\u00f3n a los clientes, as\u00ed como ventas al por mayor y al por menor de estos productos.<br \/>\n<\/span>[\/vc_column_text][\/vc_column][vc_column width=&#8221;1\/3&#8243;][vc_single_image image=&#8221;135&#8243; img_size=&#8221;300*200&#8243; style=&#8221;vc_box_rounded&#8221; css_animation=&#8221;right-to-left&#8221;][vc_separator][vc_single_image image=&#8221;130&#8243; img_size=&#8221;97*100&#8243; alignment=&#8221;center&#8221; css_animation=&#8221;top-to-bottom&#8221;][vc_separator][\/vc_column][\/vc_row][vc_row][vc_column width=&#8221;1\/3&#8243;][vc_single_image image=&#8221;136&#8243; img_size=&#8221;250*200&#8243; style=&#8221;vc_box_border&#8221; css_animation=&#8221;right-to-left&#8221;][\/vc_column][vc_column width=&#8221;1\/3&#8243;][vc_single_image image=&#8221;137&#8243; img_size=&#8221;250*200&#8243; style=&#8221;vc_box_border&#8221; css_animation=&#8221;right-to-left&#8221;][\/vc_column][vc_column width=&#8221;1\/3&#8243;][vc_single_image image=&#8221;138&#8243; img_size=&#8221;250*200&#8243; style=&#8221;vc_box_border&#8221; css_animation=&#8221;right-to-left&#8221;][\/vc_column][\/vc_row][vc_row][vc_column][vc_custom_heading text=&#8221;Un lugar desde nuestro lugar.&#8221; font_container=&#8221;tag:h2|text_align:left&#8221; google_fonts=&#8221;font_family:Abril%20Fatface%3Aregular|font_style:400%20regular%3A400%3Anormal&#8221;][\/vc_column][\/vc_row][vc_row][vc_column width=&#8221;1\/6&#8243;][vc_single_image image=&#8221;315&#8243; img_size=&#8221;150*100&#8243; style=&#8221;vc_box_border&#8221; onclick=&#8221;img_link_large&#8221; css_animation=&#8221;left-to-right&#8221;][\/vc_column][vc_column width=&#8221;1\/6&#8243;][vc_single_image image=&#8221;317&#8243; img_size=&#8221;150*100&#8243; style=&#8221;vc_box_border&#8221; onclick=&#8221;img_link_large&#8221; css_animation=&#8221;left-to-right&#8221;][\/vc_column][vc_column width=&#8221;1\/6&#8243;][vc_single_image image=&#8221;332&#8243; img_size=&#8221;150*100&#8243; style=&#8221;vc_box_border&#8221; onclick=&#8221;img_link_large&#8221; css_animation=&#8221;left-to-right&#8221;][\/vc_column][vc_column width=&#8221;1\/6&#8243;][vc_single_image image=&#8221;321&#8243; img_size=&#8221;150*100&#8243; style=&#8221;vc_box_border&#8221; onclick=&#8221;img_link_large&#8221; css_animation=&#8221;left-to-right&#8221;][\/vc_column][vc_column width=&#8221;1\/6&#8243;][vc_single_image image=&#8221;319&#8243; img_size=&#8221;150*100&#8243; style=&#8221;vc_box_border&#8221; onclick=&#8221;img_link_large&#8221; css_animation=&#8221;left-to-right&#8221;][\/vc_column][vc_column width=&#8221;1\/6&#8243;][vc_single_image image=&#8221;323&#8243; img_size=&#8221;150*100&#8243; style=&#8221;vc_box_border&#8221; onclick=&#8221;img_link_large&#8221; css_animation=&#8221;left-to-right&#8221;][\/vc_column][\/vc_row]<\/p>\n<\/div>","protected":false},"excerpt":{"rendered":"<p>[vc_row][vc_column width=&#8221;2\/3&#8243;][vc_column_text] HERMAN Otomotiv Sanayi ve Ticaret Ltd. company is one of BOZBAYLAR Group companies. [\/vc_column_text][vc_empty_space][vc_column_text] Fue fundada en el a\u00f1o 1984 en la Gran Zona Industrial de Ankara (Ankara B\u00fcy\u00fck Sanayi), y justo despu\u00e9s [&hellip;]<\/p>\n<a href=\"https:\/\/hermanotomotiv.com\/sp\/herman\/sobre-nosotros\/\" class=\"entry-more pro-btn pro-btn-rounded pro-btn-xxs pro-btn-flat-accent\">Lee mas<span class=\"screen-reader-text\"> about Sobre nosotros<\/span><\/a>","protected":false},"author":1,"featured_media":0,"parent":2,"menu_order":0,"comment_status":"closed","ping_status":"closed","template":"","meta":{"footnotes":""},"class_list":["post-9","page","type-page","status-publish","hentry"],"_links":{"self":[{"href":"https:\/\/hermanotomotiv.com\/sp\/wp-json\/wp\/v2\/pages\/9","targetHints":{"allow":["GET"]}}],"collection":[{"href":"https:\/\/hermanotomotiv.com\/sp\/wp-json\/wp\/v2\/pages"}],"about":[{"href":"https:\/\/hermanotomotiv.com\/sp\/wp-json\/wp\/v2\/types\/page"}],"author":[{"embeddable":true,"href":"https:\/\/hermanotomotiv.com\/sp\/wp-json\/wp\/v2\/users\/1"}],"replies":[{"embeddable":true,"href":"https:\/\/hermanotomotiv.com\/sp\/wp-json\/wp\/v2\/comments?post=9"}],"version-history":[{"count":4,"href":"https:\/\/hermanotomotiv.com\/sp\/wp-json\/wp\/v2\/pages\/9\/revisions"}],"predecessor-version":[{"id":333,"href":"https:\/\/hermanotomotiv.com\/sp\/wp-json\/wp\/v2\/pages\/9\/revisions\/333"}],"up":[{"embeddable":true,"href":"https:\/\/hermanotomotiv.com\/sp\/wp-json\/wp\/v2\/pages\/2"}],"wp:attachment":[{"href":"https:\/\/hermanotomotiv.com\/sp\/wp-json\/wp\/v2\/media?parent=9"}],"curies":[{"name":"wp","href":"https:\/\/api.w.org\/{rel}","templated":true}]}}